{"id":7,"date":"2023-01-11T14:44:16","date_gmt":"2023-01-11T14:44:16","guid":{"rendered":"http:\/\/localhost:10558\/?page_id=7"},"modified":"2026-01-13T20:50:21","modified_gmt":"2026-01-14T04:50:21","slug":"home","status":"publish","type":"page","link":"https:\/\/www.bettercallbuddy.com\/es\/","title":{"rendered":"Hogar"},"content":{"rendered":"<p data-start=\"181\" data-end=\"765\">Si usted o un ser querido ha sufrido un accidente grave, las consecuencias pueden ser abrumadoras. M\u00e1s all\u00e1 del impacto inicial y las lesiones f\u00edsicas, muchas personas experimentan un trauma emocional persistente, facturas m\u00e9dicas crecientes y la incertidumbre estresante de cu\u00e1nto tiempo puede tardar la recuperaci\u00f3n. Ya sea que est\u00e9 lidiando con dolor continuo, movilidad limitada o la interrupci\u00f3n de su vida cotidiana, el impacto de un accidente se extiende mucho m\u00e1s all\u00e1 del momento en que ocurre. En un momento tan dif\u00edcil, una cosa es segura: usted merece asistencia legal experta y la compensaci\u00f3n completa que la ley permite.<\/p>\n<p data-start=\"767\" data-end=\"1316\">At Munoz &amp; Associates Law Firm, our dedicated legal team understands the challenges injury victims face and is committed to guiding you through every step of the recovery process. We combine compassion with extensive experience, ensuring that you feel supported, informed, and empowered as your case progresses. From pursuing reimbursement for medical expenses and lost income to seeking compensation for pain, suffering, and long-term effects, we work tirelessly to protect your rights and secure the outcome you need to rebuild your life.<\/p>\n<p data-start=\"1318\" data-end=\"1634\">Mientras nos centramos en las complejidades legales de su caso, usted puede concentrarse en lo que realmente le corresponde: sanar, apoyar a su familia y seguir adelante con confianza. Nuestra misi\u00f3n es estar a su lado, defenderlo y ayudarle a encontrar el camino hacia la recuperaci\u00f3n y la justicia despu\u00e9s de un accidente que le cambi\u00f3 la vida.<\/p>","protected":false},"excerpt":{"rendered":"<p>If you or someone you love has been involved in a serious accident, the aftermath can feel overwhelming. Beyond the initial shock and physical injuries, many people experience lingering emotional trauma, mounting medical bills, and the stressful uncertainty of how long recovery may take. Whether you\u2019re dealing with ongoing pain,&#8230;<\/p>","protected":false},"author":1,"featured_media":0,"parent":0,"menu_order":1,"comment_status":"closed","ping_status":"closed","template":"","meta":{"_acf_changed":false,"footnotes":""},"class_list":["post-7","page","type-page","status-publish","hentry"],"acf":[],"yoast_head":"<!-- This site is optimized with the Yoast SEO plugin v27.4 - https:\/\/yoast.com\/product\/yoast-seo-wordpress\/ -->\n<title>Houston Personal Injury Attorney | Munoz &amp; Associates Law Firm<\/title>\n<meta name=\"description\" content=\"Injured in Houston? We handle car, truck &amp; slip &amp; fall claims. Free case review\u2014se habla espa\u00f1ol. Call Mu\u00f1oz &amp; Associates to fight for your rights.\" \/>\n<meta name=\"robots\" content=\"index, follow, max-snippet:-1, max-image-preview:large, max-video-preview:-1\" \/>\n<link rel=\"canonical\" href=\"https:\/\/www.bettercallbuddy.com\/es\/\" \/>\n<meta property=\"og:locale\" content=\"es_MX\" \/>\n<meta property=\"og:type\" content=\"article\" \/>\n<meta property=\"og:title\" content=\"Houston Personal Injury Attorney | Munoz &amp; Associates Law Firm\" \/>\n<meta property=\"og:description\" content=\"Injured in Houston? We handle car, truck &amp; slip &amp; fall claims. Free case review\u2014se habla espa\u00f1ol. Call Mu\u00f1oz &amp; Associates to fight for your rights.\" \/>\n<meta property=\"og:url\" content=\"https:\/\/www.bettercallbuddy.com\/es\/\" \/>\n<meta property=\"og:site_name\" content=\"Munoz &amp; Associates Law Firm\" \/>\n<meta property=\"article:modified_time\" content=\"2026-01-14T04:50:21+00:00\" \/>\n<meta name=\"twitter:card\" content=\"summary_large_image\" \/>\n<meta name=\"twitter:label1\" content=\"Tiempo de lectura\" \/>\n\t<meta name=\"twitter:data1\" content=\"1 minuto\" \/>\n<script type=\"application\/ld+json\" class=\"yoast-schema-graph\">{\"@context\":\"https:\\\/\\\/schema.org\",\"@graph\":[{\"@type\":\"WebPage\",\"@id\":\"https:\\\/\\\/www.bettercallbuddy.com\\\/\",\"url\":\"https:\\\/\\\/www.bettercallbuddy.com\\\/\",\"name\":\"Houston Personal Injury Attorney | Munoz & Associates Law Firm\",\"isPartOf\":{\"@id\":\"https:\\\/\\\/www.bettercallbuddy.com\\\/#website\"},\"datePublished\":\"2023-01-11T14:44:16+00:00\",\"dateModified\":\"2026-01-14T04:50:21+00:00\",\"description\":\"Injured in Houston? We handle car, truck & slip & fall claims. Free case review\u2014se habla espa\u00f1ol. Call Mu\u00f1oz & Associates to fight for your rights.\",\"breadcrumb\":{\"@id\":\"https:\\\/\\\/www.bettercallbuddy.com\\\/#breadcrumb\"},\"inLanguage\":\"es\",\"potentialAction\":[{\"@type\":\"ReadAction\",\"target\":[\"https:\\\/\\\/www.bettercallbuddy.com\\\/\"]}]},{\"@type\":\"BreadcrumbList\",\"@id\":\"https:\\\/\\\/www.bettercallbuddy.com\\\/#breadcrumb\",\"itemListElement\":[{\"@type\":\"ListItem\",\"position\":1,\"name\":\"Home\",\"item\":\"https:\\\/\\\/www.bettercallbuddy.com\\\/\"},{\"@type\":\"ListItem\",\"position\":2,\"name\":\"Home\"}]},{\"@type\":\"WebSite\",\"@id\":\"https:\\\/\\\/www.bettercallbuddy.com\\\/#website\",\"url\":\"https:\\\/\\\/www.bettercallbuddy.com\\\/\",\"name\":\"Munoz & Associates Law Firm\",\"description\":\"\",\"publisher\":{\"@id\":\"https:\\\/\\\/www.bettercallbuddy.com\\\/#organization\"},\"potentialAction\":[{\"@type\":\"SearchAction\",\"target\":{\"@type\":\"EntryPoint\",\"urlTemplate\":\"https:\\\/\\\/www.bettercallbuddy.com\\\/?s={search_term_string}\"},\"query-input\":{\"@type\":\"PropertyValueSpecification\",\"valueRequired\":true,\"valueName\":\"search_term_string\"}}],\"inLanguage\":\"es\"},{\"@type\":\"Organization\",\"@id\":\"https:\\\/\\\/www.bettercallbuddy.com\\\/#organization\",\"name\":\"Munoz & Associates Law Firm\",\"url\":\"https:\\\/\\\/www.bettercallbuddy.com\\\/\",\"logo\":{\"@type\":\"ImageObject\",\"inLanguage\":\"es\",\"@id\":\"https:\\\/\\\/www.bettercallbuddy.com\\\/#\\\/schema\\\/logo\\\/image\\\/\",\"url\":\"https:\\\/\\\/www.bettercallbuddy.com\\\/wp-content\\\/uploads\\\/2025\\\/11\\\/footer-logo-maroon-and-black-2.webp\",\"contentUrl\":\"https:\\\/\\\/www.bettercallbuddy.com\\\/wp-content\\\/uploads\\\/2025\\\/11\\\/footer-logo-maroon-and-black-2.webp\",\"width\":300,\"height\":179,\"caption\":\"Munoz & Associates Law Firm\"},\"image\":{\"@id\":\"https:\\\/\\\/www.bettercallbuddy.com\\\/#\\\/schema\\\/logo\\\/image\\\/\"}}]}<\/script>\n<!-- \/ Yoast SEO plugin. -->","yoast_head_json":{"title":"Houston Personal Injury Attorney | Munoz & Associates Law Firm","description":"Injured in Houston? We handle car, truck & slip & fall claims. Free case review\u2014se habla espa\u00f1ol. Call Mu\u00f1oz & Associates to fight for your rights.","robots":{"index":"index","follow":"follow","max-snippet":"max-snippet:-1","max-image-preview":"max-image-preview:large","max-video-preview":"max-video-preview:-1"},"canonical":"https:\/\/www.bettercallbuddy.com\/es\/","og_locale":"es_MX","og_type":"article","og_title":"Houston Personal Injury Attorney | Munoz & Associates Law Firm","og_description":"Injured in Houston? We handle car, truck & slip & fall claims. Free case review\u2014se habla espa\u00f1ol. Call Mu\u00f1oz & Associates to fight for your rights.","og_url":"https:\/\/www.bettercallbuddy.com\/es\/","og_site_name":"Munoz &amp; Associates Law Firm","article_modified_time":"2026-01-14T04:50:21+00:00","twitter_card":"summary_large_image","twitter_misc":{"Tiempo de lectura":"1 minuto"},"schema":{"@context":"https:\/\/schema.org","@graph":[{"@type":"WebPage","@id":"https:\/\/www.bettercallbuddy.com\/","url":"https:\/\/www.bettercallbuddy.com\/","name":"Houston Personal Injury Attorney | Munoz & Associates Law Firm","isPartOf":{"@id":"https:\/\/www.bettercallbuddy.com\/#website"},"datePublished":"2023-01-11T14:44:16+00:00","dateModified":"2026-01-14T04:50:21+00:00","description":"Injured in Houston? We handle car, truck & slip & fall claims. Free case review\u2014se habla espa\u00f1ol. Call Mu\u00f1oz & Associates to fight for your rights.","breadcrumb":{"@id":"https:\/\/www.bettercallbuddy.com\/#breadcrumb"},"inLanguage":"es","potentialAction":[{"@type":"ReadAction","target":["https:\/\/www.bettercallbuddy.com\/"]}]},{"@type":"BreadcrumbList","@id":"https:\/\/www.bettercallbuddy.com\/#breadcrumb","itemListElement":[{"@type":"ListItem","position":1,"name":"Home","item":"https:\/\/www.bettercallbuddy.com\/"},{"@type":"ListItem","position":2,"name":"Home"}]},{"@type":"WebSite","@id":"https:\/\/www.bettercallbuddy.com\/#website","url":"https:\/\/www.bettercallbuddy.com\/","name":"Munoz & Associates Law Firm","description":"","publisher":{"@id":"https:\/\/www.bettercallbuddy.com\/#organization"},"potentialAction":[{"@type":"SearchAction","target":{"@type":"EntryPoint","urlTemplate":"https:\/\/www.bettercallbuddy.com\/?s={search_term_string}"},"query-input":{"@type":"PropertyValueSpecification","valueRequired":true,"valueName":"search_term_string"}}],"inLanguage":"es"},{"@type":"Organization","@id":"https:\/\/www.bettercallbuddy.com\/#organization","name":"Munoz & Associates Law Firm","url":"https:\/\/www.bettercallbuddy.com\/","logo":{"@type":"ImageObject","inLanguage":"es","@id":"https:\/\/www.bettercallbuddy.com\/#\/schema\/logo\/image\/","url":"https:\/\/www.bettercallbuddy.com\/wp-content\/uploads\/2025\/11\/footer-logo-maroon-and-black-2.webp","contentUrl":"https:\/\/www.bettercallbuddy.com\/wp-content\/uploads\/2025\/11\/footer-logo-maroon-and-black-2.webp","width":300,"height":179,"caption":"Munoz & Associates Law Firm"},"image":{"@id":"https:\/\/www.bettercallbuddy.com\/#\/schema\/logo\/image\/"}}]}},"_links":{"self":[{"href":"https:\/\/www.bettercallbuddy.com\/es\/wp-json\/wp\/v2\/pages\/7","targetHints":{"allow":["GET"]}}],"collection":[{"href":"https:\/\/www.bettercallbuddy.com\/es\/wp-json\/wp\/v2\/pages"}],"about":[{"href":"https:\/\/www.bettercallbuddy.com\/es\/wp-json\/wp\/v2\/types\/page"}],"author":[{"embeddable":true,"href":"https:\/\/www.bettercallbuddy.com\/es\/wp-json\/wp\/v2\/users\/1"}],"replies":[{"embeddable":true,"href":"https:\/\/www.bettercallbuddy.com\/es\/wp-json\/wp\/v2\/comments?post=7"}],"version-history":[{"count":0,"href":"https:\/\/www.bettercallbuddy.com\/es\/wp-json\/wp\/v2\/pages\/7\/revisions"}],"wp:attachment":[{"href":"https:\/\/www.bettercallbuddy.com\/es\/wp-json\/wp\/v2\/media?parent=7"}],"curies":[{"name":"wp","href":"https:\/\/api.w.org\/{rel}","templated":true}]}}